{"id":2002,"date":"2022-09-30T10:24:42","date_gmt":"2022-09-30T08:24:42","guid":{"rendered":"https:\/\/www.traveltaxfree.com\/politica-de-privacidad\/"},"modified":"2023-10-05T14:22:17","modified_gmt":"2023-10-05T12:22:17","slug":"politica-de-privacidad","status":"publish","type":"page","link":"https:\/\/www.traveltaxfree.com\/es\/politica-de-privacidad\/","title":{"rendered":"Pol\u00edtica de privacidad"},"content":{"rendered":"<section class=\"l-section wpb_row height_large\"><div class=\"l-section-h i-cf\"><div class=\"g-cols vc_row via_flex valign_top type_default stacking_default\"><div class=\"vc_col-sm-12 wpb_column vc_column_container\"><div class=\"vc_column-inner\"><div class=\"wpb_wrapper\">[vc_custom_heading text=\u00bbPol\u00edtica de privacidad\u00bb font_container=\u00bbtag:h1|text_align:left\u00bb use_theme_fonts=\u00bbyes\u00bb]<\/div><\/div><\/div><\/div><\/div><\/section><section class=\"l-section wpb_row us_custom_3257a9f0 height_auto\"><div class=\"l-section-h i-cf\"><div class=\"g-cols vc_row via_flex valign_top type_default stacking_default\"><div class=\"vc_col-sm-12 wpb_column vc_column_container\"><div class=\"vc_column-inner\"><div class=\"wpb_wrapper\"><div class=\"wpb_text_column us_custom_432d3f53\"><div class=\"wpb_wrapper\"><p>El tratamiento de tus datos personales que realiza TRAVELLER WALLET (TW) est\u00e1 presidido por el cumplimiento de lo establecido en el Reglamento (UE) 2016\/679, del Parlamento Europeo y del Consejo, de 27 de abril de 2016, relativo a la protecci\u00f3n de las personas f\u00edsicas en lo que respecta al tratamiento de datos personales y a la libre circulaci\u00f3n de estos datos. Por ello, te informamos de que TAX FUNDS, S.L. en adelante TW , es el responsable del tratamiento de tus datos.<\/p>\n<p>TW, como responsable del tratamiento, cuenta con los medios t\u00e9cnicos, organizativos y humanos necesarios para garantizar la seguridad y protecci\u00f3n de sus sistemas de informaci\u00f3n, as\u00ed como de los datos e informaci\u00f3n que en ellos se almacenan.<\/p>\n<p>Tus datos personales no ser\u00e1n cedidos a terceros, salvo obligaci\u00f3n legal o en caso de que prestes tu consentimiento. No obstante, podr\u00e1n tener acceso a tus datos personales los proveedores de servicios que TW contrate o pueda contratar y tengan la condici\u00f3n de encargados del tratamiento. En estos casos, TW garantiza la confidencialidad de los datos de car\u00e1cter personal facilitados a terceros y la aplicaci\u00f3n por parte de \u00e9stos de las medidas de seguridad adecuadas.<\/p>\n<p>Te recordaremos que tus datos personales ser\u00e1n tratados para dar cumplimiento tanto a las obligaciones legales que resulten de aplicaci\u00f3n, como a los derechos y obligaciones recogidos en los contratos que tienes con nosotros.<\/p>\n<p>Asimismo te informamos de que, siempre que no hayas indicado lo contrario, tus datos personales ser\u00e1n utilizados para informarte, por cualquier canal, sobre productos o servicios que puedan ser de tu inter\u00e9s al ser similares a los que tienes contratados con nosotros y tratarse de productos o servicios que TW est\u00e1 interesado en comercializar. Para poder realizar estas acciones comerciales, tus datos personales se analizar\u00e1n a fin de elaborar un perfil con los mismos que permita que las comunicaciones se ajusten todo lo posible a tus necesidades, gustos y preferencias.<\/p>\n<p>Adicionalmente, y siempre que hayas prestado tu consentimiento, tus datos personales podr\u00e1n ser tratados para: (i) enviarte comunicaciones comerciales, por cualquier canal, sobre productos y servicios que no tengan similitud alguna con los que ya tienes contratados ofrecidos por TW, cualquier empresa del Grupo o aquellas entidades con las que se haya suscrito acuerdos de colaboraci\u00f3n, (ii) ceder tus datos a empresas del Grupo, sus filiales y participadas para que puedan ponerse en contacto contigo para informarte sobre tus productos o servicios y puedan utilizar dichos datos para el seguimiento, control y an\u00e1lisis del riesgo de los productos y servicios contratados y (iii) acceder e incorporar en nuestros ficheros tus datos de terceras empresas para personalizar con mayor precisi\u00f3n las ofertas comerciales y adaptarlas a tus necesidades, gustos y preferencias.<\/p>\n<p>Los datos personales objeto de tratamiento son los facilitados por ti al contratar y los derivados del uso de los servicios. No obstante, en caso de que hayas prestado tu consentimiento podr\u00e1n ser enriquecidos en los t\u00e9rminos expuestos en el p\u00e1rrafo anterior.<\/p>\n<p>Te recordamos que puedes ejercer los derechos de acceso, rectificaci\u00f3n, cancelaci\u00f3n, oposici\u00f3n, limitaci\u00f3n del tratamiento y portabilidad en los casos y con el alcance que establezca la normativa aplicable en cada momento llamando mediante escrito dirigido a: Traveller Wallet, Marie Curie, 15 29590 M\u00e1laga, Spain.<\/p>\n<p>Si tienes cualquier duda adicional puedes dirigirte a nuestro Delegado de Protecci\u00f3n de Datos envi\u00e1ndole un correo electr\u00f3nico a la direcci\u00f3n <a href=\"mailto:info@travellerwallet.com\">info@travellerwallet.com<\/a>.<\/p>\n<\/div><\/div><\/div><\/div><\/div><\/div><\/div><\/section>\n","protected":false},"excerpt":{"rendered":"[vc_custom_heading text=\"Pol\u00edtica de privacidad\" font_container=\"tag:h1|text_align:left\" use_theme_fonts=\"yes\"]El tratamiento de tus datos personales que realiza TRAVELLER WALLET (TW) est\u00e1 presidido por el cumplimiento de lo establecido en el Reglamento (UE) 2016\/679, del Parlamento Europeo y del Consejo, de 27 de abril de 2016, relativo a la protecci\u00f3n de las personas f\u00edsicas en lo que respecta al tratamiento...","protected":false},"author":1,"featured_media":0,"parent":0,"menu_order":0,"comment_status":"closed","ping_status":"open","template":"","meta":{"_acf_changed":false,"footnotes":""},"class_list":["post-2002","page","type-page","status-publish","hentry"],"acf":[],"yoast_head":"<!-- This site is optimized with the Yoast SEO plugin v27.4 - https:\/\/yoast.com\/product\/yoast-seo-wordpress\/ -->\n<title>Pol\u00edtica de privacidad | Travel Tax-Free<\/title>\n<meta name=\"robots\" content=\"index, follow, max-snippet:-1, max-image-preview:large, max-video-preview:-1\" \/>\n<link rel=\"canonical\" href=\"https:\/\/www.traveltaxfree.com\/es\/politica-de-privacidad\/\" \/>\n<script type=\"application\/ld+json\" class=\"yoast-schema-graph\">{\"@context\":\"https:\\\/\\\/schema.org\",\"@graph\":[{\"@type\":\"WebPage\",\"@id\":\"https:\\\/\\\/www.traveltaxfree.com\\\/es\\\/politica-de-privacidad\\\/\",\"url\":\"https:\\\/\\\/www.traveltaxfree.com\\\/es\\\/politica-de-privacidad\\\/\",\"name\":\"Pol\u00edtica de privacidad | Travel Tax-Free\",\"isPartOf\":{\"@id\":\"https:\\\/\\\/www.traveltaxfree.com\\\/en\\\/#website\"},\"datePublished\":\"2022-09-30T08:24:42+00:00\",\"dateModified\":\"2023-10-05T12:22:17+00:00\",\"breadcrumb\":{\"@id\":\"https:\\\/\\\/www.traveltaxfree.com\\\/es\\\/politica-de-privacidad\\\/#breadcrumb\"},\"inLanguage\":\"es\",\"potentialAction\":[{\"@type\":\"ReadAction\",\"target\":[\"https:\\\/\\\/www.traveltaxfree.com\\\/es\\\/politica-de-privacidad\\\/\"]}]},{\"@type\":\"BreadcrumbList\",\"@id\":\"https:\\\/\\\/www.traveltaxfree.com\\\/es\\\/politica-de-privacidad\\\/#breadcrumb\",\"itemListElement\":[{\"@type\":\"ListItem\",\"position\":1,\"name\":\"Portada\",\"item\":\"https:\\\/\\\/www.traveltaxfree.com\\\/es\\\/inicio\\\/\"},{\"@type\":\"ListItem\",\"position\":2,\"name\":\"Pol\u00edtica de privacidad\"}]},{\"@type\":\"WebSite\",\"@id\":\"https:\\\/\\\/www.traveltaxfree.com\\\/en\\\/#website\",\"url\":\"https:\\\/\\\/www.traveltaxfree.com\\\/en\\\/\",\"name\":\"Travel Tax Free\",\"description\":\"\",\"publisher\":{\"@id\":\"https:\\\/\\\/www.traveltaxfree.com\\\/en\\\/#organization\"},\"potentialAction\":[{\"@type\":\"SearchAction\",\"target\":{\"@type\":\"EntryPoint\",\"urlTemplate\":\"https:\\\/\\\/www.traveltaxfree.com\\\/en\\\/?s={search_term_string}\"},\"query-input\":{\"@type\":\"PropertyValueSpecification\",\"valueRequired\":true,\"valueName\":\"search_term_string\"}}],\"inLanguage\":\"es\"},{\"@type\":\"Organization\",\"@id\":\"https:\\\/\\\/www.traveltaxfree.com\\\/en\\\/#organization\",\"name\":\"Travel Tax Free\",\"url\":\"https:\\\/\\\/www.traveltaxfree.com\\\/en\\\/\",\"logo\":{\"@type\":\"ImageObject\",\"inLanguage\":\"es\",\"@id\":\"https:\\\/\\\/www.traveltaxfree.com\\\/en\\\/#\\\/schema\\\/logo\\\/image\\\/\",\"url\":\"https:\\\/\\\/www.traveltaxfree.com\\\/wp-content\\\/uploads\\\/2023\\\/05\\\/favicon.png\",\"contentUrl\":\"https:\\\/\\\/www.traveltaxfree.com\\\/wp-content\\\/uploads\\\/2023\\\/05\\\/favicon.png\",\"width\":118,\"height\":118,\"caption\":\"Travel Tax Free\"},\"image\":{\"@id\":\"https:\\\/\\\/www.traveltaxfree.com\\\/en\\\/#\\\/schema\\\/logo\\\/image\\\/\"}}]}<\/script>\n<!-- \/ Yoast SEO plugin. -->","yoast_head_json":{"title":"Pol\u00edtica de privacidad | Travel Tax-Free","robots":{"index":"index","follow":"follow","max-snippet":"max-snippet:-1","max-image-preview":"max-image-preview:large","max-video-preview":"max-video-preview:-1"},"canonical":"https:\/\/www.traveltaxfree.com\/es\/politica-de-privacidad\/","schema":{"@context":"https:\/\/schema.org","@graph":[{"@type":"WebPage","@id":"https:\/\/www.traveltaxfree.com\/es\/politica-de-privacidad\/","url":"https:\/\/www.traveltaxfree.com\/es\/politica-de-privacidad\/","name":"Pol\u00edtica de privacidad | Travel Tax-Free","isPartOf":{"@id":"https:\/\/www.traveltaxfree.com\/en\/#website"},"datePublished":"2022-09-30T08:24:42+00:00","dateModified":"2023-10-05T12:22:17+00:00","breadcrumb":{"@id":"https:\/\/www.traveltaxfree.com\/es\/politica-de-privacidad\/#breadcrumb"},"inLanguage":"es","potentialAction":[{"@type":"ReadAction","target":["https:\/\/www.traveltaxfree.com\/es\/politica-de-privacidad\/"]}]},{"@type":"BreadcrumbList","@id":"https:\/\/www.traveltaxfree.com\/es\/politica-de-privacidad\/#breadcrumb","itemListElement":[{"@type":"ListItem","position":1,"name":"Portada","item":"https:\/\/www.traveltaxfree.com\/es\/inicio\/"},{"@type":"ListItem","position":2,"name":"Pol\u00edtica de privacidad"}]},{"@type":"WebSite","@id":"https:\/\/www.traveltaxfree.com\/en\/#website","url":"https:\/\/www.traveltaxfree.com\/en\/","name":"Travel Tax Free","description":"","publisher":{"@id":"https:\/\/www.traveltaxfree.com\/en\/#organization"},"potentialAction":[{"@type":"SearchAction","target":{"@type":"EntryPoint","urlTemplate":"https:\/\/www.traveltaxfree.com\/en\/?s={search_term_string}"},"query-input":{"@type":"PropertyValueSpecification","valueRequired":true,"valueName":"search_term_string"}}],"inLanguage":"es"},{"@type":"Organization","@id":"https:\/\/www.traveltaxfree.com\/en\/#organization","name":"Travel Tax Free","url":"https:\/\/www.traveltaxfree.com\/en\/","logo":{"@type":"ImageObject","inLanguage":"es","@id":"https:\/\/www.traveltaxfree.com\/en\/#\/schema\/logo\/image\/","url":"https:\/\/www.traveltaxfree.com\/wp-content\/uploads\/2023\/05\/favicon.png","contentUrl":"https:\/\/www.traveltaxfree.com\/wp-content\/uploads\/2023\/05\/favicon.png","width":118,"height":118,"caption":"Travel Tax Free"},"image":{"@id":"https:\/\/www.traveltaxfree.com\/en\/#\/schema\/logo\/image\/"}}]}},"_links":{"self":[{"href":"https:\/\/www.traveltaxfree.com\/es\/wp-json\/wp\/v2\/pages\/2002","targetHints":{"allow":["GET"]}}],"collection":[{"href":"https:\/\/www.traveltaxfree.com\/es\/wp-json\/wp\/v2\/pages"}],"about":[{"href":"https:\/\/www.traveltaxfree.com\/es\/wp-json\/wp\/v2\/types\/page"}],"author":[{"embeddable":true,"href":"https:\/\/www.traveltaxfree.com\/es\/wp-json\/wp\/v2\/users\/1"}],"replies":[{"embeddable":true,"href":"https:\/\/www.traveltaxfree.com\/es\/wp-json\/wp\/v2\/comments?post=2002"}],"version-history":[{"count":7,"href":"https:\/\/www.traveltaxfree.com\/es\/wp-json\/wp\/v2\/pages\/2002\/revisions"}],"predecessor-version":[{"id":2719,"href":"https:\/\/www.traveltaxfree.com\/es\/wp-json\/wp\/v2\/pages\/2002\/revisions\/2719"}],"wp:attachment":[{"href":"https:\/\/www.traveltaxfree.com\/es\/wp-json\/wp\/v2\/media?parent=2002"}],"curies":[{"name":"wp","href":"https:\/\/api.w.org\/{rel}","templated":true}]}}